{"id":377,"date":"2022-04-22T20:07:13","date_gmt":"2022-04-22T20:07:13","guid":{"rendered":"http:\/\/laurowisnie.pl\/?page_id=377"},"modified":"2025-09-26T08:19:15","modified_gmt":"2025-09-26T08:19:15","slug":"laurowisnia-herbergii","status":"publish","type":"page","link":"https:\/\/laurowisnie.pl\/index.php\/laurowisnia-herbergii\/","title":{"rendered":"Laurowi\u015bnia Herbergii"},"content":{"rendered":"\t\t<div data-elementor-type=\"wp-page\" data-elementor-id=\"377\" class=\"elementor elementor-377\" data-elementor-post-type=\"page\">\n\t\t\t\t\t\t<section class=\"elementor-section elementor-top-section elementor-element elementor-element-66d2db4f elementor-section-content-middle elementor-section-boxed elementor-section-height-default elementor-section-height-default\" data-id=\"66d2db4f\" data-element_type=\"section\">\n\t\t\t\t\t\t<div class=\"elementor-container elementor-column-gap-no\">\n\t\t\t\t\t<div class=\"elementor-column elementor-col-100 elementor-top-column elementor-element elementor-element-a605bb1\" data-id=\"a605bb1\" data-element_type=\"column\">\n\t\t\t<div class=\"elementor-widget-wrap elementor-element-populated\">\n\t\t\t\t\t\t<div class=\"elementor-element elementor-element-000a761 elementor-widget elementor-widget-heading\" data-id=\"000a761\" data-element_type=\"widget\" data-widget_type=\"heading.default\">\n\t\t\t\t<div class=\"elementor-widget-container\">\n\t\t\t\t\t<h2 class=\"elementor-heading-title elementor-size-default\">Laurowisnia (Prunus laurocerasus 'Herbergii')<\/h2>\t\t\t\t<\/div>\n\t\t\t\t<\/div>\n\t\t\t\t\t<\/div>\n\t\t<\/div>\n\t\t\t\t\t<\/div>\n\t\t<\/section>\n\t\t\t\t<section class=\"elementor-section elementor-top-section elementor-element elementor-element-be61faa elementor-section-boxed elementor-section-height-default elementor-section-height-default\" data-id=\"be61faa\" data-element_type=\"section\">\n\t\t\t\t\t\t<div class=\"elementor-container elementor-column-gap-default\">\n\t\t\t\t\t<div class=\"elementor-column elementor-col-100 elementor-top-column elementor-element elementor-element-cdbe3fa\" data-id=\"cdbe3fa\" data-element_type=\"column\">\n\t\t\t<div class=\"elementor-widget-wrap elementor-element-populated\">\n\t\t\t\t\t\t<div class=\"elementor-element elementor-element-3ffc1de elementor-widget elementor-widget-text-editor\" data-id=\"3ffc1de\" data-element_type=\"widget\" data-widget_type=\"text-editor.default\">\n\t\t\t\t<div class=\"elementor-widget-container\">\n\t\t\t\t\t\t\t\t\t<p><span style=\"box-sizing: inherit; color: #20272b; font-family: Gotham, 'Helvetica Neue', Helvetica, Arial, sans-serif; font-size: 14px;\"><span style=\"box-sizing: inherit; vertical-align: inherit;\"><span style=\"box-sizing: inherit; vertical-align: inherit;\">Je\u017celi szukasz \u017cywop\u0142otu, kt\u00f3ry zapewni du\u017co prywatno\u015bci i zieleni zar\u00f3wno latem, jak i zim\u0105 to\u00a0<\/span><span style=\"box-sizing: inherit; vertical-align: inherit;\">Laurowi\u015bnia Herbergii b\u0119dzie bardzo dobrym wyborem. Wiecznie zielony \u017cywop\u0142ot <\/span><\/span><\/span><span style=\"box-sizing: inherit; color: #20272b; font-family: Gotham, 'Helvetica Neue', Helvetica, Arial, sans-serif; font-size: 14px;\"><span style=\"box-sizing: inherit; vertical-align: inherit;\"><span style=\"box-sizing: inherit; vertical-align: inherit;\">\u00a0ro\u015bnie bardzo zwarty i dlatego jest idealny do tworzenia pe\u0142nych i zielonych \u015bcian.\u00a0<\/span><span style=\"box-sizing: inherit; vertical-align: inherit;\">Li\u015bcie nie opadaj\u0105 na zim\u0119, wi\u0119c mo\u017cesz cieszy\u0107 si\u0119 prywatno\u015bci\u0105 ca\u0142y rok.\u00a0<\/span><\/span><\/span><\/p>\t\t\t\t\t\t\t\t<\/div>\n\t\t\t\t<\/div>\n\t\t\t\t\t<\/div>\n\t\t<\/div>\n\t\t\t\t\t<\/div>\n\t\t<\/section>\n\t\t\t\t<section class=\"elementor-section elementor-top-section elementor-element elementor-element-3a483ff elementor-section-boxed elementor-section-height-default elementor-section-height-default\" data-id=\"3a483ff\" data-element_type=\"section\">\n\t\t\t\t\t\t<div class=\"elementor-container elementor-column-gap-default\">\n\t\t\t\t\t<div class=\"elementor-column elementor-col-33 elementor-top-column elementor-element elementor-element-69b4672\" data-id=\"69b4672\" data-element_type=\"column\">\n\t\t\t<div class=\"elementor-widget-wrap elementor-element-populated\">\n\t\t\t\t\t\t<div class=\"elementor-element elementor-element-f654620 elementor-widget elementor-widget-image\" data-id=\"f654620\" data-element_type=\"widget\" data-widget_type=\"image.default\">\n\t\t\t\t<div class=\"elementor-widget-container\">\n\t\t\t\t\t\t\t\t\t\t\t\t\t\t\t<img fetchpriority=\"high\" decoding=\"async\" width=\"206\" height=\"300\" src=\"https:\/\/laurowisnie.pl\/wp-content\/uploads\/2022\/04\/prunus_laurocerasus_herbergii_80-206x300.webp\" class=\"attachment-medium size-medium wp-image-415\" alt=\"\" srcset=\"https:\/\/laurowisnie.pl\/wp-content\/uploads\/2022\/04\/prunus_laurocerasus_herbergii_80-206x300.webp 206w, https:\/\/laurowisnie.pl\/wp-content\/uploads\/2022\/04\/prunus_laurocerasus_herbergii_80-701x1024.webp 701w, https:\/\/laurowisnie.pl\/wp-content\/uploads\/2022\/04\/prunus_laurocerasus_herbergii_80-768x1121.webp 768w, https:\/\/laurowisnie.pl\/wp-content\/uploads\/2022\/04\/prunus_laurocerasus_herbergii_80.webp 822w\" sizes=\"(max-width: 206px) 100vw, 206px\" \/>\t\t\t\t\t\t\t\t\t\t\t\t\t\t\t<\/div>\n\t\t\t\t<\/div>\n\t\t\t\t\t<\/div>\n\t\t<\/div>\n\t\t\t\t<div class=\"elementor-column elementor-col-33 elementor-top-column elementor-element elementor-element-c7841dd\" data-id=\"c7841dd\" data-element_type=\"column\">\n\t\t\t<div class=\"elementor-widget-wrap elementor-element-populated\">\n\t\t\t\t\t\t<div class=\"elementor-element elementor-element-3a07482 elementor-widget elementor-widget-text-editor\" data-id=\"3a07482\" data-element_type=\"widget\" data-widget_type=\"text-editor.default\">\n\t\t\t\t<div class=\"elementor-widget-container\">\n\t\t\t\t\t\t\t\t\t<h4><span class=\"product-item-smaller\">Laurowi\u015bnia Herbergii 60-80 cm<\/span><\/h4><h5 class=\"page-title\">\u00a0<\/h5><p>Odleg\u0142o\u015b\u0107 sadzenia: 4 szt. na metr<\/p>\t\t\t\t\t\t\t\t<\/div>\n\t\t\t\t<\/div>\n\t\t\t\t\t<\/div>\n\t\t<\/div>\n\t\t\t\t<div class=\"elementor-column elementor-col-33 elementor-top-column elementor-element elementor-element-5183646\" data-id=\"5183646\" data-element_type=\"column\">\n\t\t\t<div class=\"elementor-widget-wrap elementor-element-populated\">\n\t\t\t\t\t\t<div class=\"elementor-element elementor-element-f1d3f52 elementor-widget elementor-widget-text-editor\" data-id=\"f1d3f52\" data-element_type=\"widget\" data-widget_type=\"text-editor.default\">\n\t\t\t\t<div class=\"elementor-widget-container\">\n\t\t\t\t\t\t\t\t\t<p>CENA 60,00 z\u0142\/ szt.<\/p>\t\t\t\t\t\t\t\t<\/div>\n\t\t\t\t<\/div>\n\t\t\t\t<div class=\"elementor-element elementor-element-21fa9e5 elementor-align-center elementor-widget elementor-widget-button\" data-id=\"21fa9e5\" data-element_type=\"widget\" data-widget_type=\"button.default\">\n\t\t\t\t<div class=\"elementor-widget-container\">\n\t\t\t\t\t\t\t\t\t<div class=\"elementor-button-wrapper\">\n\t\t\t\t\t<a class=\"elementor-button elementor-button-link elementor-size-sm\" href=\"#\">\n\t\t\t\t\t\t<span class=\"elementor-button-content-wrapper\">\n\t\t\t\t\t\t\t\t\t<span class=\"elementor-button-text\">Niedost\u0119pny<\/span>\n\t\t\t\t\t<\/span>\n\t\t\t\t\t<\/a>\n\t\t\t\t<\/div>\n\t\t\t\t\t\t\t\t<\/div>\n\t\t\t\t<\/div>\n\t\t\t\t\t<\/div>\n\t\t<\/div>\n\t\t\t\t\t<\/div>\n\t\t<\/section>\n\t\t\t\t<section class=\"elementor-section elementor-top-section elementor-element elementor-element-0eeb00a elementor-section-boxed elementor-section-height-default elementor-section-height-default\" data-id=\"0eeb00a\" data-element_type=\"section\">\n\t\t\t\t\t\t<div class=\"elementor-container elementor-column-gap-default\">\n\t\t\t\t\t<div class=\"elementor-column elementor-col-33 elementor-top-column elementor-element elementor-element-883d3d8\" data-id=\"883d3d8\" data-element_type=\"column\">\n\t\t\t<div class=\"elementor-widget-wrap elementor-element-populated\">\n\t\t\t\t\t\t<div class=\"elementor-element elementor-element-6f620a8 elementor-widget elementor-widget-image\" data-id=\"6f620a8\" data-element_type=\"widget\" data-widget_type=\"image.default\">\n\t\t\t\t<div class=\"elementor-widget-container\">\n\t\t\t\t\t\t\t\t\t\t\t\t\t\t\t<img decoding=\"async\" width=\"200\" height=\"300\" src=\"https:\/\/laurowisnie.pl\/wp-content\/uploads\/2022\/04\/prunus_laurocerasus_herbergii_100-200x300.webp\" class=\"attachment-medium size-medium wp-image-411\" alt=\"\" srcset=\"https:\/\/laurowisnie.pl\/wp-content\/uploads\/2022\/04\/prunus_laurocerasus_herbergii_100-200x300.webp 200w, https:\/\/laurowisnie.pl\/wp-content\/uploads\/2022\/04\/prunus_laurocerasus_herbergii_100-682x1024.webp 682w, https:\/\/laurowisnie.pl\/wp-content\/uploads\/2022\/04\/prunus_laurocerasus_herbergii_100-768x1153.webp 768w, https:\/\/laurowisnie.pl\/wp-content\/uploads\/2022\/04\/prunus_laurocerasus_herbergii_100.webp 799w\" sizes=\"(max-width: 200px) 100vw, 200px\" \/>\t\t\t\t\t\t\t\t\t\t\t\t\t\t\t<\/div>\n\t\t\t\t<\/div>\n\t\t\t\t\t<\/div>\n\t\t<\/div>\n\t\t\t\t<div class=\"elementor-column elementor-col-33 elementor-top-column elementor-element elementor-element-a7cd450\" data-id=\"a7cd450\" data-element_type=\"column\">\n\t\t\t<div class=\"elementor-widget-wrap elementor-element-populated\">\n\t\t\t\t\t\t<div class=\"elementor-element elementor-element-c9dbf38 elementor-widget elementor-widget-text-editor\" data-id=\"c9dbf38\" data-element_type=\"widget\" data-widget_type=\"text-editor.default\">\n\t\t\t\t<div class=\"elementor-widget-container\">\n\t\t\t\t\t\t\t\t\t<h4><span class=\"product-item-smaller\">Laurowi\u015bnia Herbergii 80-100 cm<\/span><\/h4><h5 class=\"page-title\">\u00a0<\/h5><p>Odleg\u0142o\u015b\u0107 sadzenia: 3,5 szt. na metr<\/p>\t\t\t\t\t\t\t\t<\/div>\n\t\t\t\t<\/div>\n\t\t\t\t\t<\/div>\n\t\t<\/div>\n\t\t\t\t<div class=\"elementor-column elementor-col-33 elementor-top-column elementor-element elementor-element-2b52c88\" data-id=\"2b52c88\" data-element_type=\"column\">\n\t\t\t<div class=\"elementor-widget-wrap elementor-element-populated\">\n\t\t\t\t\t\t<div class=\"elementor-element elementor-element-4467414 elementor-widget elementor-widget-text-editor\" data-id=\"4467414\" data-element_type=\"widget\" data-widget_type=\"text-editor.default\">\n\t\t\t\t<div class=\"elementor-widget-container\">\n\t\t\t\t\t\t\t\t\t<p>CENA 80,00 z\u0142\/ szt.<\/p>\t\t\t\t\t\t\t\t<\/div>\n\t\t\t\t<\/div>\n\t\t\t\t<div class=\"elementor-element elementor-element-d7d3c77 elementor-align-center elementor-widget elementor-widget-button\" data-id=\"d7d3c77\" data-element_type=\"widget\" data-widget_type=\"button.default\">\n\t\t\t\t<div class=\"elementor-widget-container\">\n\t\t\t\t\t\t\t\t\t<div class=\"elementor-button-wrapper\">\n\t\t\t\t\t<a class=\"elementor-button elementor-button-link elementor-size-sm\" href=\"#\">\n\t\t\t\t\t\t<span class=\"elementor-button-content-wrapper\">\n\t\t\t\t\t\t\t\t\t<span class=\"elementor-button-text\">Niedost\u0119pny<\/span>\n\t\t\t\t\t<\/span>\n\t\t\t\t\t<\/a>\n\t\t\t\t<\/div>\n\t\t\t\t\t\t\t\t<\/div>\n\t\t\t\t<\/div>\n\t\t\t\t\t<\/div>\n\t\t<\/div>\n\t\t\t\t\t<\/div>\n\t\t<\/section>\n\t\t\t\t<section class=\"elementor-section elementor-top-section elementor-element elementor-element-5b98d66 elementor-section-boxed elementor-section-height-default elementor-section-height-default\" data-id=\"5b98d66\" data-element_type=\"section\">\n\t\t\t\t\t\t<div class=\"elementor-container elementor-column-gap-default\">\n\t\t\t\t\t<div class=\"elementor-column elementor-col-33 elementor-top-column elementor-element elementor-element-f1bff41\" data-id=\"f1bff41\" data-element_type=\"column\">\n\t\t\t<div class=\"elementor-widget-wrap elementor-element-populated\">\n\t\t\t\t\t\t<div class=\"elementor-element elementor-element-a1767a1 elementor-widget elementor-widget-image\" data-id=\"a1767a1\" data-element_type=\"widget\" data-widget_type=\"image.default\">\n\t\t\t\t<div class=\"elementor-widget-container\">\n\t\t\t\t\t\t\t\t\t\t\t\t\t\t\t<img decoding=\"async\" width=\"200\" height=\"300\" src=\"https:\/\/laurowisnie.pl\/wp-content\/uploads\/2022\/04\/prunus_laurocerasus_herbergi_150-200x300.jpg\" class=\"attachment-medium size-medium wp-image-401\" alt=\"\" srcset=\"https:\/\/laurowisnie.pl\/wp-content\/uploads\/2022\/04\/prunus_laurocerasus_herbergi_150-200x300.jpg 200w, https:\/\/laurowisnie.pl\/wp-content\/uploads\/2022\/04\/prunus_laurocerasus_herbergi_150-683x1024.jpg 683w, https:\/\/laurowisnie.pl\/wp-content\/uploads\/2022\/04\/prunus_laurocerasus_herbergi_150-768x1152.jpg 768w, https:\/\/laurowisnie.pl\/wp-content\/uploads\/2022\/04\/prunus_laurocerasus_herbergi_150.jpg 800w\" sizes=\"(max-width: 200px) 100vw, 200px\" \/>\t\t\t\t\t\t\t\t\t\t\t\t\t\t\t<\/div>\n\t\t\t\t<\/div>\n\t\t\t\t\t<\/div>\n\t\t<\/div>\n\t\t\t\t<div class=\"elementor-column elementor-col-33 elementor-top-column elementor-element elementor-element-4136ca2\" data-id=\"4136ca2\" data-element_type=\"column\">\n\t\t\t<div class=\"elementor-widget-wrap elementor-element-populated\">\n\t\t\t\t\t\t<div class=\"elementor-element elementor-element-7d3af93 elementor-widget elementor-widget-text-editor\" data-id=\"7d3af93\" data-element_type=\"widget\" data-widget_type=\"text-editor.default\">\n\t\t\t\t<div class=\"elementor-widget-container\">\n\t\t\t\t\t\t\t\t\t<h4><span class=\"product-item-smaller\">Laurowi\u015bnia Herbergii 125-150 cm<\/span><\/h4><h5 class=\"page-title\">\u00a0<\/h5><p>Odleg\u0142o\u015b\u0107 sadzenia: 2,5 szt. na metr<\/p>\t\t\t\t\t\t\t\t<\/div>\n\t\t\t\t<\/div>\n\t\t\t\t\t<\/div>\n\t\t<\/div>\n\t\t\t\t<div class=\"elementor-column elementor-col-33 elementor-top-column elementor-element elementor-element-8dbca76\" data-id=\"8dbca76\" data-element_type=\"column\">\n\t\t\t<div class=\"elementor-widget-wrap elementor-element-populated\">\n\t\t\t\t\t\t<div class=\"elementor-element elementor-element-09358ff elementor-widget elementor-widget-text-editor\" data-id=\"09358ff\" data-element_type=\"widget\" data-widget_type=\"text-editor.default\">\n\t\t\t\t<div class=\"elementor-widget-container\">\n\t\t\t\t\t\t\t\t\t<p>CENA 150,00 z\u0142\/ szt.<\/p>\t\t\t\t\t\t\t\t<\/div>\n\t\t\t\t<\/div>\n\t\t\t\t<div class=\"elementor-element elementor-element-1bd70d3 elementor-align-center elementor-widget elementor-widget-button\" data-id=\"1bd70d3\" data-element_type=\"widget\" data-widget_type=\"button.default\">\n\t\t\t\t<div class=\"elementor-widget-container\">\n\t\t\t\t\t\t\t\t\t<div class=\"elementor-button-wrapper\">\n\t\t\t\t\t<a class=\"elementor-button elementor-button-link elementor-size-sm\" href=\"tel:+48536903099\">\n\t\t\t\t\t\t<span class=\"elementor-button-content-wrapper\">\n\t\t\t\t\t\t\t\t\t<span class=\"elementor-button-text\">Tel.<\/span>\n\t\t\t\t\t<\/span>\n\t\t\t\t\t<\/a>\n\t\t\t\t<\/div>\n\t\t\t\t\t\t\t\t<\/div>\n\t\t\t\t<\/div>\n\t\t\t\t\t<\/div>\n\t\t<\/div>\n\t\t\t\t\t<\/div>\n\t\t<\/section>\n\t\t\t\t<section class=\"elementor-section elementor-top-section elementor-element elementor-element-da97697 elementor-section-boxed elementor-section-height-default elementor-section-height-default\" data-id=\"da97697\" data-element_type=\"section\">\n\t\t\t\t\t\t<div class=\"elementor-container elementor-column-gap-default\">\n\t\t\t\t\t<div class=\"elementor-column elementor-col-100 elementor-top-column elementor-element elementor-element-365bd96\" data-id=\"365bd96\" data-element_type=\"column\">\n\t\t\t<div class=\"elementor-widget-wrap\">\n\t\t\t\t\t\t\t<\/div>\n\t\t<\/div>\n\t\t\t\t\t<\/div>\n\t\t<\/section>\n\t\t\t\t<section class=\"elementor-section elementor-top-section elementor-element elementor-element-d9be680 elementor-section-boxed elementor-section-height-default elementor-section-height-default\" data-id=\"d9be680\" data-element_type=\"section\">\n\t\t\t\t\t\t<div class=\"elementor-container elementor-column-gap-default\">\n\t\t\t\t\t<div class=\"elementor-column elementor-col-100 elementor-top-column elementor-element elementor-element-b9b0925\" data-id=\"b9b0925\" data-element_type=\"column\">\n\t\t\t<div class=\"elementor-widget-wrap\">\n\t\t\t\t\t\t\t<\/div>\n\t\t<\/div>\n\t\t\t\t\t<\/div>\n\t\t<\/section>\n\t\t\t\t<\/div>\n\t\t","protected":false},"excerpt":{"rendered":"<p>Laurowisnia (Prunus laurocerasus 'Herbergii&#8217;) Je\u017celi szukasz \u017cywop\u0142otu, kt\u00f3ry zapewni du\u017co prywatno\u015bci i zieleni zar\u00f3wno latem, jak i zim\u0105 to\u00a0Laurowi\u015bnia Herbergii b\u0119dzie bardzo dobrym wyborem. Wiecznie zielony \u017cywop\u0142ot \u00a0ro\u015bnie bardzo zwarty i dlatego jest idealny do tworzenia pe\u0142nych i zielonych \u015bcian.\u00a0Li\u015bcie nie opadaj\u0105 na zim\u0119, wi\u0119c mo\u017cesz cieszy\u0107 si\u0119 prywatno\u015bci\u0105 ca\u0142y rok.\u00a0 Laurowi\u015bnia Herbergii 60-80 cm [&hellip;]<\/p>\n","protected":false},"author":1,"featured_media":0,"parent":0,"menu_order":0,"comment_status":"closed","ping_status":"closed","template":"","meta":{"footnotes":""},"class_list":["post-377","page","type-page","status-publish","hentry"],"yoast_head":"<!-- This site is optimized with the Yoast SEO Premium plugin v22.2 (Yoast SEO v26.8) - https:\/\/yoast.com\/product\/yoast-seo-premium-wordpress\/ -->\n<title>laurowi\u015bnie sadzonki laurowisnie.pl , oferta<\/title>\n<meta name=\"description\" content=\"Sadzonki laurowi\u015bni wschodniej (Prunus laurocerasus) w doniczkach od 2 do 35l. Wysoko\u015b\u0107 sadzonek od 40 cm do 2m\" \/>\n<meta name=\"robots\" content=\"index, follow, max-snippet:-1, max-image-preview:large, max-video-preview:-1\" \/>\n<link rel=\"canonical\" href=\"https:\/\/laurowisnie.pl\/index.php\/laurowisnia-herbergii\/\" \/>\n<meta property=\"og:locale\" content=\"pl_PL\" \/>\n<meta property=\"og:type\" content=\"article\" \/>\n<meta property=\"og:title\" content=\"Laurowi\u015bnia Herbergii\" \/>\n<meta property=\"og:description\" content=\"Sadzonki laurowi\u015bni wschodniej (Prunus laurocerasus) w doniczkach od 2 do 35l. Wysoko\u015b\u0107 sadzonek od 40 cm do 2m\" \/>\n<meta property=\"og:url\" content=\"https:\/\/laurowisnie.pl\/index.php\/laurowisnia-herbergii\/\" \/>\n<meta property=\"article:modified_time\" content=\"2025-09-26T08:19:15+00:00\" \/>\n<meta property=\"og:image\" content=\"https:\/\/laurowisnie.pl\/wp-content\/uploads\/2022\/04\/prunus_laurocerasus_herbergii_80.webp\" \/>\n\t<meta property=\"og:image:width\" content=\"822\" \/>\n\t<meta property=\"og:image:height\" content=\"1200\" \/>\n\t<meta property=\"og:image:type\" content=\"image\/webp\" \/>\n<meta name=\"twitter:card\" content=\"summary_large_image\" \/>\n<meta name=\"twitter:label1\" content=\"Szacowany czas czytania\" \/>\n\t<meta name=\"twitter:data1\" content=\"2 minuty\" \/>\n<script type=\"application\/ld+json\" class=\"yoast-schema-graph\">{\"@context\":\"https:\/\/schema.org\",\"@graph\":[{\"@type\":\"WebPage\",\"@id\":\"https:\/\/laurowisnie.pl\/index.php\/laurowisnia-herbergii\/\",\"url\":\"https:\/\/laurowisnie.pl\/index.php\/laurowisnia-herbergii\/\",\"name\":\"laurowi\u015bnie sadzonki laurowisnie.pl , oferta\",\"isPartOf\":{\"@id\":\"https:\/\/laurowisnie.pl\/#website\"},\"primaryImageOfPage\":{\"@id\":\"https:\/\/laurowisnie.pl\/index.php\/laurowisnia-herbergii\/#primaryimage\"},\"image\":{\"@id\":\"https:\/\/laurowisnie.pl\/index.php\/laurowisnia-herbergii\/#primaryimage\"},\"thumbnailUrl\":\"https:\/\/laurowisnie.pl\/wp-content\/uploads\/2022\/04\/prunus_laurocerasus_herbergii_80-206x300.webp\",\"datePublished\":\"2022-04-22T20:07:13+00:00\",\"dateModified\":\"2025-09-26T08:19:15+00:00\",\"description\":\"Sadzonki laurowi\u015bni wschodniej (Prunus laurocerasus) w doniczkach od 2 do 35l. Wysoko\u015b\u0107 sadzonek od 40 cm do 2m\",\"breadcrumb\":{\"@id\":\"https:\/\/laurowisnie.pl\/index.php\/laurowisnia-herbergii\/#breadcrumb\"},\"inLanguage\":\"pl-PL\",\"potentialAction\":[{\"@type\":\"ReadAction\",\"target\":[\"https:\/\/laurowisnie.pl\/index.php\/laurowisnia-herbergii\/\"]}]},{\"@type\":\"ImageObject\",\"inLanguage\":\"pl-PL\",\"@id\":\"https:\/\/laurowisnie.pl\/index.php\/laurowisnia-herbergii\/#primaryimage\",\"url\":\"https:\/\/laurowisnie.pl\/wp-content\/uploads\/2022\/04\/prunus_laurocerasus_herbergii_80-206x300.webp\",\"contentUrl\":\"https:\/\/laurowisnie.pl\/wp-content\/uploads\/2022\/04\/prunus_laurocerasus_herbergii_80-206x300.webp\"},{\"@type\":\"BreadcrumbList\",\"@id\":\"https:\/\/laurowisnie.pl\/index.php\/laurowisnia-herbergii\/#breadcrumb\",\"itemListElement\":[{\"@type\":\"ListItem\",\"position\":1,\"name\":\"Strona g\u0142\u00f3wna\",\"item\":\"https:\/\/laurowisnie.pl\/\"},{\"@type\":\"ListItem\",\"position\":2,\"name\":\"Laurowi\u015bnia Herbergii\"}]},{\"@type\":\"WebSite\",\"@id\":\"https:\/\/laurowisnie.pl\/#website\",\"url\":\"https:\/\/laurowisnie.pl\/\",\"name\":\"\",\"description\":\"\",\"potentialAction\":[{\"@type\":\"SearchAction\",\"target\":{\"@type\":\"EntryPoint\",\"urlTemplate\":\"https:\/\/laurowisnie.pl\/?s={search_term_string}\"},\"query-input\":{\"@type\":\"PropertyValueSpecification\",\"valueRequired\":true,\"valueName\":\"search_term_string\"}}],\"inLanguage\":\"pl-PL\"}]}<\/script>\n<!-- \/ Yoast SEO Premium plugin. -->","yoast_head_json":{"title":"laurowi\u015bnie sadzonki laurowisnie.pl , oferta","description":"Sadzonki laurowi\u015bni wschodniej (Prunus laurocerasus) w doniczkach od 2 do 35l. Wysoko\u015b\u0107 sadzonek od 40 cm do 2m","robots":{"index":"index","follow":"follow","max-snippet":"max-snippet:-1","max-image-preview":"max-image-preview:large","max-video-preview":"max-video-preview:-1"},"canonical":"https:\/\/laurowisnie.pl\/index.php\/laurowisnia-herbergii\/","og_locale":"pl_PL","og_type":"article","og_title":"Laurowi\u015bnia Herbergii","og_description":"Sadzonki laurowi\u015bni wschodniej (Prunus laurocerasus) w doniczkach od 2 do 35l. Wysoko\u015b\u0107 sadzonek od 40 cm do 2m","og_url":"https:\/\/laurowisnie.pl\/index.php\/laurowisnia-herbergii\/","article_modified_time":"2025-09-26T08:19:15+00:00","og_image":[{"width":822,"height":1200,"url":"https:\/\/laurowisnie.pl\/wp-content\/uploads\/2022\/04\/prunus_laurocerasus_herbergii_80.webp","type":"image\/webp"}],"twitter_card":"summary_large_image","twitter_misc":{"Szacowany czas czytania":"2 minuty"},"schema":{"@context":"https:\/\/schema.org","@graph":[{"@type":"WebPage","@id":"https:\/\/laurowisnie.pl\/index.php\/laurowisnia-herbergii\/","url":"https:\/\/laurowisnie.pl\/index.php\/laurowisnia-herbergii\/","name":"laurowi\u015bnie sadzonki laurowisnie.pl , oferta","isPartOf":{"@id":"https:\/\/laurowisnie.pl\/#website"},"primaryImageOfPage":{"@id":"https:\/\/laurowisnie.pl\/index.php\/laurowisnia-herbergii\/#primaryimage"},"image":{"@id":"https:\/\/laurowisnie.pl\/index.php\/laurowisnia-herbergii\/#primaryimage"},"thumbnailUrl":"https:\/\/laurowisnie.pl\/wp-content\/uploads\/2022\/04\/prunus_laurocerasus_herbergii_80-206x300.webp","datePublished":"2022-04-22T20:07:13+00:00","dateModified":"2025-09-26T08:19:15+00:00","description":"Sadzonki laurowi\u015bni wschodniej (Prunus laurocerasus) w doniczkach od 2 do 35l. Wysoko\u015b\u0107 sadzonek od 40 cm do 2m","breadcrumb":{"@id":"https:\/\/laurowisnie.pl\/index.php\/laurowisnia-herbergii\/#breadcrumb"},"inLanguage":"pl-PL","potentialAction":[{"@type":"ReadAction","target":["https:\/\/laurowisnie.pl\/index.php\/laurowisnia-herbergii\/"]}]},{"@type":"ImageObject","inLanguage":"pl-PL","@id":"https:\/\/laurowisnie.pl\/index.php\/laurowisnia-herbergii\/#primaryimage","url":"https:\/\/laurowisnie.pl\/wp-content\/uploads\/2022\/04\/prunus_laurocerasus_herbergii_80-206x300.webp","contentUrl":"https:\/\/laurowisnie.pl\/wp-content\/uploads\/2022\/04\/prunus_laurocerasus_herbergii_80-206x300.webp"},{"@type":"BreadcrumbList","@id":"https:\/\/laurowisnie.pl\/index.php\/laurowisnia-herbergii\/#breadcrumb","itemListElement":[{"@type":"ListItem","position":1,"name":"Strona g\u0142\u00f3wna","item":"https:\/\/laurowisnie.pl\/"},{"@type":"ListItem","position":2,"name":"Laurowi\u015bnia Herbergii"}]},{"@type":"WebSite","@id":"https:\/\/laurowisnie.pl\/#website","url":"https:\/\/laurowisnie.pl\/","name":"","description":"","potentialAction":[{"@type":"SearchAction","target":{"@type":"EntryPoint","urlTemplate":"https:\/\/laurowisnie.pl\/?s={search_term_string}"},"query-input":{"@type":"PropertyValueSpecification","valueRequired":true,"valueName":"search_term_string"}}],"inLanguage":"pl-PL"}]}},"_links":{"self":[{"href":"https:\/\/laurowisnie.pl\/index.php\/wp-json\/wp\/v2\/pages\/377","targetHints":{"allow":["GET"]}}],"collection":[{"href":"https:\/\/laurowisnie.pl\/index.php\/wp-json\/wp\/v2\/pages"}],"about":[{"href":"https:\/\/laurowisnie.pl\/index.php\/wp-json\/wp\/v2\/types\/page"}],"author":[{"embeddable":true,"href":"https:\/\/laurowisnie.pl\/index.php\/wp-json\/wp\/v2\/users\/1"}],"replies":[{"embeddable":true,"href":"https:\/\/laurowisnie.pl\/index.php\/wp-json\/wp\/v2\/comments?post=377"}],"version-history":[{"count":61,"href":"https:\/\/laurowisnie.pl\/index.php\/wp-json\/wp\/v2\/pages\/377\/revisions"}],"predecessor-version":[{"id":1405,"href":"https:\/\/laurowisnie.pl\/index.php\/wp-json\/wp\/v2\/pages\/377\/revisions\/1405"}],"wp:attachment":[{"href":"https:\/\/laurowisnie.pl\/index.php\/wp-json\/wp\/v2\/media?parent=377"}],"curies":[{"name":"wp","href":"https:\/\/api.w.org\/{rel}","templated":true}]}}