{"id":1255,"date":"2023-04-21T09:29:38","date_gmt":"2023-04-21T09:29:38","guid":{"rendered":"https:\/\/laurowisnie.pl\/?page_id=1255"},"modified":"2023-04-21T09:41:41","modified_gmt":"2023-04-21T09:41:41","slug":"kontakt","status":"publish","type":"page","link":"https:\/\/laurowisnie.pl\/index.php\/kontakt\/","title":{"rendered":"Kontakt"},"content":{"rendered":"\t\t<div data-elementor-type=\"wp-page\" data-elementor-id=\"1255\" class=\"elementor elementor-1255\" data-elementor-post-type=\"page\">\n\t\t\t\t\t\t<section class=\"elementor-section elementor-top-section elementor-element elementor-element-4ef3abe elementor-section-height-min-height elementor-section-boxed elementor-section-height-default elementor-section-items-middle\" data-id=\"4ef3abe\" data-element_type=\"section\" data-settings=\"{&quot;background_background&quot;:&quot;classic&quot;,&quot;shape_divider_bottom&quot;:&quot;arrow&quot;,&quot;shape_divider_bottom_negative&quot;:&quot;yes&quot;}\">\n\t\t\t\t\t\t\t<div class=\"elementor-background-overlay\"><\/div>\n\t\t\t\t\t\t<div class=\"elementor-shape elementor-shape-bottom\" aria-hidden=\"true\" data-negative=\"true\">\n\t\t\t<svg xmlns=\"http:\/\/www.w3.org\/2000\/svg\" viewBox=\"0 0 700 10\" preserveAspectRatio=\"none\">\n\t<path class=\"elementor-shape-fill\" d=\"M360 0L350 9.9 340 0 0 0 0 10 700 10 700 0\"\/>\n<\/svg>\t\t<\/div>\n\t\t\t\t\t<div class=\"elementor-container elementor-column-gap-default\">\n\t\t\t\t\t<div class=\"elementor-column elementor-col-100 elementor-top-column elementor-element elementor-element-e9f5d55\" data-id=\"e9f5d55\" data-element_type=\"column\">\n\t\t\t<div class=\"elementor-widget-wrap\">\n\t\t\t\t\t\t\t<\/div>\n\t\t<\/div>\n\t\t\t\t\t<\/div>\n\t\t<\/section>\n\t\t\t\t<section class=\"elementor-section elementor-top-section elementor-element elementor-element-e59ce69 elementor-section-content-middle elementor-reverse-mobile elementor-section-boxed elementor-section-height-default elementor-section-height-default\" data-id=\"e59ce69\" data-element_type=\"section\">\n\t\t\t\t\t\t<div class=\"elementor-container elementor-column-gap-no\">\n\t\t\t\t\t<div class=\"elementor-column elementor-col-50 elementor-top-column elementor-element elementor-element-cc451e3\" data-id=\"cc451e3\" data-element_type=\"column\">\n\t\t\t<div class=\"elementor-widget-wrap elementor-element-populated\">\n\t\t\t\t\t\t<div class=\"elementor-element elementor-element-358de83 elementor-widget elementor-widget-google_maps\" data-id=\"358de83\" data-element_type=\"widget\" data-widget_type=\"google_maps.default\">\n\t\t\t\t<div class=\"elementor-widget-container\">\n\t\t\t\t\t\t\t<div class=\"elementor-custom-embed\">\n\t\t\t<iframe loading=\"lazy\"\n\t\t\t\t\tsrc=\"https:\/\/maps.google.com\/maps?q=Morz%C4%99cin%20Wielki&#038;t=m&#038;z=13&#038;output=embed&#038;iwloc=near\"\n\t\t\t\t\ttitle=\"Morz\u0119cin Wielki\"\n\t\t\t\t\taria-label=\"Morz\u0119cin Wielki\"\n\t\t\t><\/iframe>\n\t\t<\/div>\n\t\t\t\t\t\t<\/div>\n\t\t\t\t<\/div>\n\t\t\t\t\t<\/div>\n\t\t<\/div>\n\t\t\t\t<div class=\"elementor-column elementor-col-50 elementor-top-column elementor-element elementor-element-6b30132\" data-id=\"6b30132\" data-element_type=\"column\">\n\t\t\t<div class=\"elementor-widget-wrap elementor-element-populated\">\n\t\t\t\t\t\t<section class=\"elementor-section elementor-inner-section elementor-element elementor-element-ab3e9de elementor-section-boxed elementor-section-height-default elementor-section-height-default\" data-id=\"ab3e9de\" data-element_type=\"section\">\n\t\t\t\t\t\t<div class=\"elementor-container elementor-column-gap-default\">\n\t\t\t\t\t<div class=\"elementor-column elementor-col-50 elementor-inner-column elementor-element elementor-element-390c15f\" data-id=\"390c15f\" data-element_type=\"column\">\n\t\t\t<div class=\"elementor-widget-wrap elementor-element-populated\">\n\t\t\t\t\t\t<div class=\"elementor-element elementor-element-df87b29 elementor-widget elementor-widget-heading\" data-id=\"df87b29\" data-element_type=\"widget\" data-widget_type=\"heading.default\">\n\t\t\t\t<div class=\"elementor-widget-container\">\n\t\t\t\t\t<div class=\"elementor-heading-title elementor-size-default\">Lokalizacja<\/div>\t\t\t\t<\/div>\n\t\t\t\t<\/div>\n\t\t\t\t<div class=\"elementor-element elementor-element-ec116c1 elementor-widget elementor-widget-text-editor\" data-id=\"ec116c1\" data-element_type=\"widget\" data-widget_type=\"text-editor.default\">\n\t\t\t\t<div class=\"elementor-widget-container\">\n\t\t\t\t\t\t\t\t\t<p>Szk\u00f3\u0142ka Morz\u0119cin Wielki<\/p>\t\t\t\t\t\t\t\t<\/div>\n\t\t\t\t<\/div>\n\t\t\t\t\t<\/div>\n\t\t<\/div>\n\t\t\t\t<div class=\"elementor-column elementor-col-50 elementor-inner-column elementor-element elementor-element-475a3ee\" data-id=\"475a3ee\" data-element_type=\"column\">\n\t\t\t<div class=\"elementor-widget-wrap elementor-element-populated\">\n\t\t\t\t\t\t<div class=\"elementor-element elementor-element-3263533 elementor-widget elementor-widget-heading\" data-id=\"3263533\" data-element_type=\"widget\" data-widget_type=\"heading.default\">\n\t\t\t\t<div class=\"elementor-widget-container\">\n\t\t\t\t\t<div class=\"elementor-heading-title elementor-size-default\">Kontakt z nami<\/div>\t\t\t\t<\/div>\n\t\t\t\t<\/div>\n\t\t\t\t<div class=\"elementor-element elementor-element-6a20423 elementor-widget elementor-widget-text-editor\" data-id=\"6a20423\" data-element_type=\"widget\" data-widget_type=\"text-editor.default\">\n\t\t\t\t<div class=\"elementor-widget-container\">\n\t\t\t\t\t\t\t\t\t<p>Telefon : +48 536 903 099\u00a0<\/p>\t\t\t\t\t\t\t\t<\/div>\n\t\t\t\t<\/div>\n\t\t\t\t<div class=\"elementor-element elementor-element-892bb9a elementor-widget elementor-widget-text-editor\" data-id=\"892bb9a\" data-element_type=\"widget\" data-widget_type=\"text-editor.default\">\n\t\t\t\t<div class=\"elementor-widget-container\">\n\t\t\t\t\t\t\t\t\t<p>mail : biuro@parkowo-ogrodowo.pl<\/p>\t\t\t\t\t\t\t\t<\/div>\n\t\t\t\t<\/div>\n\t\t\t\t\t<\/div>\n\t\t<\/div>\n\t\t\t\t\t<\/div>\n\t\t<\/section>\n\t\t\t\t<div class=\"elementor-element elementor-element-f93c623 elementor-widget elementor-widget-image\" data-id=\"f93c623\" data-element_type=\"widget\" data-widget_type=\"image.default\">\n\t\t\t\t<div class=\"elementor-widget-container\">\n\t\t\t\t\t\t\t\t\t\t\t\t\t\t\t<img fetchpriority=\"high\" decoding=\"async\" width=\"768\" height=\"576\" src=\"https:\/\/laurowisnie.pl\/wp-content\/uploads\/2022\/05\/IMG_5923-768x576.jpeg\" class=\"attachment-medium_large size-medium_large wp-image-826\" alt=\"\" srcset=\"https:\/\/laurowisnie.pl\/wp-content\/uploads\/2022\/05\/IMG_5923-768x576.jpeg 768w, https:\/\/laurowisnie.pl\/wp-content\/uploads\/2022\/05\/IMG_5923-300x225.jpeg 300w, https:\/\/laurowisnie.pl\/wp-content\/uploads\/2022\/05\/IMG_5923-1024x768.jpeg 1024w, https:\/\/laurowisnie.pl\/wp-content\/uploads\/2022\/05\/IMG_5923-1536x1152.jpeg 1536w, https:\/\/laurowisnie.pl\/wp-content\/uploads\/2022\/05\/IMG_5923.jpeg 2048w\" sizes=\"(max-width: 768px) 100vw, 768px\" \/>\t\t\t\t\t\t\t\t\t\t\t\t\t\t\t<\/div>\n\t\t\t\t<\/div>\n\t\t\t\t\t<\/div>\n\t\t<\/div>\n\t\t\t\t\t<\/div>\n\t\t<\/section>\n\t\t\t\t<\/div>\n\t\t","protected":false},"excerpt":{"rendered":"<p>Lokalizacja Szk\u00f3\u0142ka Morz\u0119cin Wielki Kontakt z nami Telefon : +48 536 903 099\u00a0 mail : biuro@parkowo-ogrodowo.pl<\/p>\n","protected":false},"author":1,"featured_media":0,"parent":0,"menu_order":0,"comment_status":"closed","ping_status":"closed","template":"","meta":{"footnotes":""},"class_list":["post-1255","page","type-page","status-publish","hentry"],"yoast_head":"<!-- This site is optimized with the Yoast SEO Premium plugin v22.2 (Yoast SEO v26.8) - https:\/\/yoast.com\/product\/yoast-seo-premium-wordpress\/ -->\n<title>Kontakt -<\/title>\n<meta name=\"robots\" content=\"index, follow, max-snippet:-1, max-image-preview:large, max-video-preview:-1\" \/>\n<link rel=\"canonical\" href=\"https:\/\/laurowisnie.pl\/index.php\/kontakt\/\" \/>\n<meta property=\"og:locale\" content=\"pl_PL\" \/>\n<meta property=\"og:type\" content=\"article\" \/>\n<meta property=\"og:title\" content=\"Kontakt\" \/>\n<meta property=\"og:description\" content=\"Lokalizacja Szk\u00f3\u0142ka Morz\u0119cin Wielki Kontakt z nami Telefon : +48 536 903 099\u00a0 mail : biuro@parkowo-ogrodowo.pl\" \/>\n<meta property=\"og:url\" content=\"https:\/\/laurowisnie.pl\/index.php\/kontakt\/\" \/>\n<meta property=\"article:modified_time\" content=\"2023-04-21T09:41:41+00:00\" \/>\n<meta property=\"og:image\" content=\"https:\/\/laurowisnie.pl\/wp-content\/uploads\/2022\/05\/IMG_5923-768x576.jpeg\" \/>\n<meta name=\"twitter:card\" content=\"summary_large_image\" \/>\n<meta name=\"twitter:label1\" content=\"Szacowany czas czytania\" \/>\n\t<meta name=\"twitter:data1\" content=\"1 minuta\" \/>\n<script type=\"application\/ld+json\" class=\"yoast-schema-graph\">{\"@context\":\"https:\/\/schema.org\",\"@graph\":[{\"@type\":\"WebPage\",\"@id\":\"https:\/\/laurowisnie.pl\/index.php\/kontakt\/\",\"url\":\"https:\/\/laurowisnie.pl\/index.php\/kontakt\/\",\"name\":\"Kontakt -\",\"isPartOf\":{\"@id\":\"https:\/\/laurowisnie.pl\/#website\"},\"primaryImageOfPage\":{\"@id\":\"https:\/\/laurowisnie.pl\/index.php\/kontakt\/#primaryimage\"},\"image\":{\"@id\":\"https:\/\/laurowisnie.pl\/index.php\/kontakt\/#primaryimage\"},\"thumbnailUrl\":\"https:\/\/laurowisnie.pl\/wp-content\/uploads\/2022\/05\/IMG_5923-768x576.jpeg\",\"datePublished\":\"2023-04-21T09:29:38+00:00\",\"dateModified\":\"2023-04-21T09:41:41+00:00\",\"breadcrumb\":{\"@id\":\"https:\/\/laurowisnie.pl\/index.php\/kontakt\/#breadcrumb\"},\"inLanguage\":\"pl-PL\",\"potentialAction\":[{\"@type\":\"ReadAction\",\"target\":[\"https:\/\/laurowisnie.pl\/index.php\/kontakt\/\"]}]},{\"@type\":\"ImageObject\",\"inLanguage\":\"pl-PL\",\"@id\":\"https:\/\/laurowisnie.pl\/index.php\/kontakt\/#primaryimage\",\"url\":\"https:\/\/laurowisnie.pl\/wp-content\/uploads\/2022\/05\/IMG_5923-768x576.jpeg\",\"contentUrl\":\"https:\/\/laurowisnie.pl\/wp-content\/uploads\/2022\/05\/IMG_5923-768x576.jpeg\"},{\"@type\":\"BreadcrumbList\",\"@id\":\"https:\/\/laurowisnie.pl\/index.php\/kontakt\/#breadcrumb\",\"itemListElement\":[{\"@type\":\"ListItem\",\"position\":1,\"name\":\"Strona g\u0142\u00f3wna\",\"item\":\"https:\/\/laurowisnie.pl\/\"},{\"@type\":\"ListItem\",\"position\":2,\"name\":\"Kontakt\"}]},{\"@type\":\"WebSite\",\"@id\":\"https:\/\/laurowisnie.pl\/#website\",\"url\":\"https:\/\/laurowisnie.pl\/\",\"name\":\"\",\"description\":\"\",\"potentialAction\":[{\"@type\":\"SearchAction\",\"target\":{\"@type\":\"EntryPoint\",\"urlTemplate\":\"https:\/\/laurowisnie.pl\/?s={search_term_string}\"},\"query-input\":{\"@type\":\"PropertyValueSpecification\",\"valueRequired\":true,\"valueName\":\"search_term_string\"}}],\"inLanguage\":\"pl-PL\"}]}<\/script>\n<!-- \/ Yoast SEO Premium plugin. -->","yoast_head_json":{"title":"Kontakt -","robots":{"index":"index","follow":"follow","max-snippet":"max-snippet:-1","max-image-preview":"max-image-preview:large","max-video-preview":"max-video-preview:-1"},"canonical":"https:\/\/laurowisnie.pl\/index.php\/kontakt\/","og_locale":"pl_PL","og_type":"article","og_title":"Kontakt","og_description":"Lokalizacja Szk\u00f3\u0142ka Morz\u0119cin Wielki Kontakt z nami Telefon : +48 536 903 099\u00a0 mail : biuro@parkowo-ogrodowo.pl","og_url":"https:\/\/laurowisnie.pl\/index.php\/kontakt\/","article_modified_time":"2023-04-21T09:41:41+00:00","og_image":[{"url":"https:\/\/laurowisnie.pl\/wp-content\/uploads\/2022\/05\/IMG_5923-768x576.jpeg","type":"","width":"","height":""}],"twitter_card":"summary_large_image","twitter_misc":{"Szacowany czas czytania":"1 minuta"},"schema":{"@context":"https:\/\/schema.org","@graph":[{"@type":"WebPage","@id":"https:\/\/laurowisnie.pl\/index.php\/kontakt\/","url":"https:\/\/laurowisnie.pl\/index.php\/kontakt\/","name":"Kontakt -","isPartOf":{"@id":"https:\/\/laurowisnie.pl\/#website"},"primaryImageOfPage":{"@id":"https:\/\/laurowisnie.pl\/index.php\/kontakt\/#primaryimage"},"image":{"@id":"https:\/\/laurowisnie.pl\/index.php\/kontakt\/#primaryimage"},"thumbnailUrl":"https:\/\/laurowisnie.pl\/wp-content\/uploads\/2022\/05\/IMG_5923-768x576.jpeg","datePublished":"2023-04-21T09:29:38+00:00","dateModified":"2023-04-21T09:41:41+00:00","breadcrumb":{"@id":"https:\/\/laurowisnie.pl\/index.php\/kontakt\/#breadcrumb"},"inLanguage":"pl-PL","potentialAction":[{"@type":"ReadAction","target":["https:\/\/laurowisnie.pl\/index.php\/kontakt\/"]}]},{"@type":"ImageObject","inLanguage":"pl-PL","@id":"https:\/\/laurowisnie.pl\/index.php\/kontakt\/#primaryimage","url":"https:\/\/laurowisnie.pl\/wp-content\/uploads\/2022\/05\/IMG_5923-768x576.jpeg","contentUrl":"https:\/\/laurowisnie.pl\/wp-content\/uploads\/2022\/05\/IMG_5923-768x576.jpeg"},{"@type":"BreadcrumbList","@id":"https:\/\/laurowisnie.pl\/index.php\/kontakt\/#breadcrumb","itemListElement":[{"@type":"ListItem","position":1,"name":"Strona g\u0142\u00f3wna","item":"https:\/\/laurowisnie.pl\/"},{"@type":"ListItem","position":2,"name":"Kontakt"}]},{"@type":"WebSite","@id":"https:\/\/laurowisnie.pl\/#website","url":"https:\/\/laurowisnie.pl\/","name":"","description":"","potentialAction":[{"@type":"SearchAction","target":{"@type":"EntryPoint","urlTemplate":"https:\/\/laurowisnie.pl\/?s={search_term_string}"},"query-input":{"@type":"PropertyValueSpecification","valueRequired":true,"valueName":"search_term_string"}}],"inLanguage":"pl-PL"}]}},"_links":{"self":[{"href":"https:\/\/laurowisnie.pl\/index.php\/wp-json\/wp\/v2\/pages\/1255","targetHints":{"allow":["GET"]}}],"collection":[{"href":"https:\/\/laurowisnie.pl\/index.php\/wp-json\/wp\/v2\/pages"}],"about":[{"href":"https:\/\/laurowisnie.pl\/index.php\/wp-json\/wp\/v2\/types\/page"}],"author":[{"embeddable":true,"href":"https:\/\/laurowisnie.pl\/index.php\/wp-json\/wp\/v2\/users\/1"}],"replies":[{"embeddable":true,"href":"https:\/\/laurowisnie.pl\/index.php\/wp-json\/wp\/v2\/comments?post=1255"}],"version-history":[{"count":11,"href":"https:\/\/laurowisnie.pl\/index.php\/wp-json\/wp\/v2\/pages\/1255\/revisions"}],"predecessor-version":[{"id":1374,"href":"https:\/\/laurowisnie.pl\/index.php\/wp-json\/wp\/v2\/pages\/1255\/revisions\/1374"}],"wp:attachment":[{"href":"https:\/\/laurowisnie.pl\/index.php\/wp-json\/wp\/v2\/media?parent=1255"}],"curies":[{"name":"wp","href":"https:\/\/api.w.org\/{rel}","templated":true}]}}