{"id":121,"date":"2020-08-27T22:17:01","date_gmt":"2020-08-27T22:17:01","guid":{"rendered":"http:\/\/laurowisnie.pl\/?page_id=121"},"modified":"2023-04-20T22:16:58","modified_gmt":"2023-04-20T22:16:58","slug":"galeria","status":"publish","type":"page","link":"https:\/\/laurowisnie.pl\/index.php\/galeria\/","title":{"rendered":"Galeria"},"content":{"rendered":"\t\t<div data-elementor-type=\"wp-page\" data-elementor-id=\"121\" class=\"elementor elementor-121\" data-elementor-post-type=\"page\">\n\t\t\t\t\t\t<section class=\"elementor-section elementor-top-section elementor-element elementor-element-32070ea7 elementor-section-boxed elementor-section-height-default elementor-section-height-default\" data-id=\"32070ea7\" data-element_type=\"section\" data-settings=\"{&quot;background_background&quot;:&quot;classic&quot;}\">\n\t\t\t\t\t\t<div class=\"elementor-container elementor-column-gap-default\">\n\t\t\t\t\t<div class=\"elementor-column elementor-col-100 elementor-top-column elementor-element elementor-element-2a738f52\" data-id=\"2a738f52\" data-element_type=\"column\">\n\t\t\t<div class=\"elementor-widget-wrap elementor-element-populated\">\n\t\t\t\t\t\t<section class=\"elementor-section elementor-inner-section elementor-element elementor-element-14637170 elementor-section-boxed elementor-section-height-default elementor-section-height-default\" data-id=\"14637170\" data-element_type=\"section\">\n\t\t\t\t\t\t<div class=\"elementor-container elementor-column-gap-default\">\n\t\t\t\t\t<div class=\"elementor-column elementor-col-100 elementor-inner-column elementor-element elementor-element-70626f59\" data-id=\"70626f59\" data-element_type=\"column\">\n\t\t\t<div class=\"elementor-widget-wrap elementor-element-populated\">\n\t\t\t\t\t\t<div class=\"elementor-element elementor-element-1395228 animated-slow elementor-invisible elementor-widget elementor-widget-heading\" data-id=\"1395228\" data-element_type=\"widget\" data-settings=\"{&quot;_animation&quot;:&quot;fadeIn&quot;}\" data-widget_type=\"heading.default\">\n\t\t\t\t<div class=\"elementor-widget-container\">\n\t\t\t\t\t<h1 class=\"elementor-heading-title elementor-size-default\">Laurowi\u015bnie<\/h1>\t\t\t\t<\/div>\n\t\t\t\t<\/div>\n\t\t\t\t<div class=\"elementor-element elementor-element-f1694ee animated-slow elementor-invisible elementor-widget elementor-widget-heading\" data-id=\"f1694ee\" data-element_type=\"widget\" data-settings=\"{&quot;_animation&quot;:&quot;fadeIn&quot;}\" data-widget_type=\"heading.default\">\n\t\t\t\t<div class=\"elementor-widget-container\">\n\t\t\t\t\t<h3 class=\"elementor-heading-title elementor-size-default\">Galeria<\/h3>\t\t\t\t<\/div>\n\t\t\t\t<\/div>\n\t\t\t\t<div class=\"elementor-element elementor-element-431cf5ce gallery-spacing-custom elementor-widget elementor-widget-image-gallery\" data-id=\"431cf5ce\" data-element_type=\"widget\" data-widget_type=\"image-gallery.default\">\n\t\t\t\t<div class=\"elementor-widget-container\">\n\t\t\t\t\t\t\t<div class=\"elementor-image-gallery\">\n\t\t\t<div id='gallery-1' class='gallery galleryid-121 gallery-columns-3 gallery-size-full'><figure class='gallery-item'>\n\t\t\t<div class='gallery-icon landscape'>\n\t\t\t\t<a data-elementor-open-lightbox=\"yes\" data-elementor-lightbox-slideshow=\"431cf5ce\" data-elementor-lightbox-title=\"laurowi\u015bnie sadzonki\" data-elementor-lightbox-description=\"sadzonki laurowi\u015bni w doniczkach P15\" data-e-action-hash=\"#elementor-action%3Aaction%3Dlightbox%26settings%3DeyJpZCI6MTY1LCJ1cmwiOiJodHRwczpcL1wvbGF1cm93aXNuaWUucGxcL3dwLWNvbnRlbnRcL3VwbG9hZHNcLzIwMjBcLzA5XC9pbWFnZTAtc2NhbGVkLmpwZWciLCJzbGlkZXNob3ciOiI0MzFjZjVjZSJ9\" href='https:\/\/laurowisnie.pl\/wp-content\/uploads\/2020\/09\/image0-scaled.jpeg'><img fetchpriority=\"high\" decoding=\"async\" width=\"2560\" height=\"1921\" src=\"https:\/\/laurowisnie.pl\/wp-content\/uploads\/2020\/09\/image0-scaled.jpeg\" class=\"attachment-full size-full\" alt=\"Sadzonki Laurowi\u015bni\" aria-describedby=\"gallery-1-165\" srcset=\"https:\/\/laurowisnie.pl\/wp-content\/uploads\/2020\/09\/image0-scaled.jpeg 2560w, https:\/\/laurowisnie.pl\/wp-content\/uploads\/2020\/09\/image0-300x225.jpeg 300w, https:\/\/laurowisnie.pl\/wp-content\/uploads\/2020\/09\/image0-1024x768.jpeg 1024w, https:\/\/laurowisnie.pl\/wp-content\/uploads\/2020\/09\/image0-768x576.jpeg 768w, https:\/\/laurowisnie.pl\/wp-content\/uploads\/2020\/09\/image0-1536x1152.jpeg 1536w, https:\/\/laurowisnie.pl\/wp-content\/uploads\/2020\/09\/image0-2048x1537.jpeg 2048w\" sizes=\"(max-width: 2560px) 100vw, 2560px\" \/><\/a>\n\t\t\t<\/div>\n\t\t\t\t<figcaption class='wp-caption-text gallery-caption' id='gallery-1-165'>\n\t\t\t\tsadzonki laurowi\u015bni w doniczkach P15\n\t\t\t\t<\/figcaption><\/figure><figure class='gallery-item'>\n\t\t\t<div class='gallery-icon landscape'>\n\t\t\t\t<a data-elementor-open-lightbox=\"yes\" data-elementor-lightbox-slideshow=\"431cf5ce\" data-elementor-lightbox-title=\"laurowi\u015bnie \u017cywop\u0142ot\" data-elementor-lightbox-description=\"\u017bywop\u0142ot z Laurowi\u015bni Novita\" data-e-action-hash=\"#elementor-action%3Aaction%3Dlightbox%26settings%3DeyJpZCI6OTYsInVybCI6Imh0dHBzOlwvXC9sYXVyb3dpc25pZS5wbFwvd3AtY29udGVudFwvdXBsb2Fkc1wvMjAyMFwvMDhcL0lNR18yMTE5LXNjYWxlZC5qcGVnIiwic2xpZGVzaG93IjoiNDMxY2Y1Y2UifQ%3D%3D\" href='https:\/\/laurowisnie.pl\/wp-content\/uploads\/2020\/08\/IMG_2119-scaled.jpeg'><img decoding=\"async\" width=\"2560\" height=\"1920\" src=\"https:\/\/laurowisnie.pl\/wp-content\/uploads\/2020\/08\/IMG_2119-scaled.jpeg\" class=\"attachment-full size-full\" alt=\"\" aria-describedby=\"gallery-1-96\" srcset=\"https:\/\/laurowisnie.pl\/wp-content\/uploads\/2020\/08\/IMG_2119-scaled.jpeg 2560w, https:\/\/laurowisnie.pl\/wp-content\/uploads\/2020\/08\/IMG_2119-300x225.jpeg 300w, https:\/\/laurowisnie.pl\/wp-content\/uploads\/2020\/08\/IMG_2119-1024x768.jpeg 1024w, https:\/\/laurowisnie.pl\/wp-content\/uploads\/2020\/08\/IMG_2119-768x576.jpeg 768w, https:\/\/laurowisnie.pl\/wp-content\/uploads\/2020\/08\/IMG_2119-1536x1152.jpeg 1536w, https:\/\/laurowisnie.pl\/wp-content\/uploads\/2020\/08\/IMG_2119-2048x1536.jpeg 2048w\" sizes=\"(max-width: 2560px) 100vw, 2560px\" \/><\/a>\n\t\t\t<\/div>\n\t\t\t\t<figcaption class='wp-caption-text gallery-caption' id='gallery-1-96'>\n\t\t\t\tLaurowi\u015bnie w gruncie\n\t\t\t\t<\/figcaption><\/figure><figure class='gallery-item'>\n\t\t\t<div class='gallery-icon landscape'>\n\t\t\t\t<a data-elementor-open-lightbox=\"yes\" data-elementor-lightbox-slideshow=\"431cf5ce\" data-elementor-lightbox-title=\"Laurowi\u015bnia Novita li\u015b\u0107\" data-elementor-lightbox-description=\"Mokry li\u015b\u0107 laurowi\u015bni\" data-e-action-hash=\"#elementor-action%3Aaction%3Dlightbox%26settings%3DeyJpZCI6OTMsInVybCI6Imh0dHBzOlwvXC9sYXVyb3dpc25pZS5wbFwvd3AtY29udGVudFwvdXBsb2Fkc1wvMjAyMFwvMDhcL0lNR19FMjE2MC1zY2FsZWQuanBnIiwic2xpZGVzaG93IjoiNDMxY2Y1Y2UifQ%3D%3D\" href='https:\/\/laurowisnie.pl\/wp-content\/uploads\/2020\/08\/IMG_E2160-scaled.jpg'><img decoding=\"async\" width=\"2560\" height=\"1920\" src=\"https:\/\/laurowisnie.pl\/wp-content\/uploads\/2020\/08\/IMG_E2160-scaled.jpg\" class=\"attachment-full size-full\" alt=\"Gatunki Laurowi\u015bni\" aria-describedby=\"gallery-1-93\" srcset=\"https:\/\/laurowisnie.pl\/wp-content\/uploads\/2020\/08\/IMG_E2160-scaled.jpg 2560w, https:\/\/laurowisnie.pl\/wp-content\/uploads\/2020\/08\/IMG_E2160-300x225.jpg 300w, https:\/\/laurowisnie.pl\/wp-content\/uploads\/2020\/08\/IMG_E2160-1024x768.jpg 1024w, https:\/\/laurowisnie.pl\/wp-content\/uploads\/2020\/08\/IMG_E2160-768x576.jpg 768w, https:\/\/laurowisnie.pl\/wp-content\/uploads\/2020\/08\/IMG_E2160-1536x1152.jpg 1536w, https:\/\/laurowisnie.pl\/wp-content\/uploads\/2020\/08\/IMG_E2160-2048x1536.jpg 2048w\" sizes=\"(max-width: 2560px) 100vw, 2560px\" \/><\/a>\n\t\t\t<\/div>\n\t\t\t\t<figcaption class='wp-caption-text gallery-caption' id='gallery-1-93'>\n\t\t\t\tLaurowi\u015bnia li\u015b\u0107\n\t\t\t\t<\/figcaption><\/figure><figure class='gallery-item'>\n\t\t\t<div class='gallery-icon portrait'>\n\t\t\t\t<a data-elementor-open-lightbox=\"yes\" data-elementor-lightbox-slideshow=\"431cf5ce\" data-elementor-lightbox-title=\"Etna_2\" data-elementor-lightbox-description=\"\u017bywop\u0142ot z laurowi\u015bni Etna\" data-e-action-hash=\"#elementor-action%3Aaction%3Dlightbox%26settings%3DeyJpZCI6MTk5LCJ1cmwiOiJodHRwczpcL1wvbGF1cm93aXNuaWUucGxcL3dwLWNvbnRlbnRcL3VwbG9hZHNcLzIwMjBcLzA5XC9ldF8xLXNjYWxlZC5qcGVnIiwic2xpZGVzaG93IjoiNDMxY2Y1Y2UifQ%3D%3D\" href='https:\/\/laurowisnie.pl\/wp-content\/uploads\/2020\/09\/et_1-scaled.jpeg'><img loading=\"lazy\" decoding=\"async\" width=\"1441\" height=\"2560\" src=\"https:\/\/laurowisnie.pl\/wp-content\/uploads\/2020\/09\/et_1-scaled.jpeg\" class=\"attachment-full size-full\" alt=\"\" aria-describedby=\"gallery-1-199\" srcset=\"https:\/\/laurowisnie.pl\/wp-content\/uploads\/2020\/09\/et_1-scaled.jpeg 1441w, https:\/\/laurowisnie.pl\/wp-content\/uploads\/2020\/09\/et_1-169x300.jpeg 169w, https:\/\/laurowisnie.pl\/wp-content\/uploads\/2020\/09\/et_1-576x1024.jpeg 576w, https:\/\/laurowisnie.pl\/wp-content\/uploads\/2020\/09\/et_1-768x1365.jpeg 768w, https:\/\/laurowisnie.pl\/wp-content\/uploads\/2020\/09\/et_1-864x1536.jpeg 864w, https:\/\/laurowisnie.pl\/wp-content\/uploads\/2020\/09\/et_1-1152x2048.jpeg 1152w\" sizes=\"(max-width: 1441px) 100vw, 1441px\" \/><\/a>\n\t\t\t<\/div>\n\t\t\t\t<figcaption class='wp-caption-text gallery-caption' id='gallery-1-199'>\n\t\t\t\tLaurowi\u015bnia Etna li\u015bcie\n\t\t\t\t<\/figcaption><\/figure><figure class='gallery-item'>\n\t\t\t<div class='gallery-icon portrait'>\n\t\t\t\t<a data-elementor-open-lightbox=\"yes\" data-elementor-lightbox-slideshow=\"431cf5ce\" data-elementor-lightbox-title=\"Etna_3\" data-elementor-lightbox-description=\"\u017bywop\u0142ot z laurowi\u015bni Etna\" data-e-action-hash=\"#elementor-action%3Aaction%3Dlightbox%26settings%3DeyJpZCI6MjAwLCJ1cmwiOiJodHRwczpcL1wvbGF1cm93aXNuaWUucGxcL3dwLWNvbnRlbnRcL3VwbG9hZHNcLzIwMjBcLzA5XC9ldF8yLXNjYWxlZC5qcGVnIiwic2xpZGVzaG93IjoiNDMxY2Y1Y2UifQ%3D%3D\" href='https:\/\/laurowisnie.pl\/wp-content\/uploads\/2020\/09\/et_2-scaled.jpeg'><img loading=\"lazy\" decoding=\"async\" width=\"1441\" height=\"2560\" src=\"https:\/\/laurowisnie.pl\/wp-content\/uploads\/2020\/09\/et_2-scaled.jpeg\" class=\"attachment-full size-full\" alt=\"\" aria-describedby=\"gallery-1-200\" srcset=\"https:\/\/laurowisnie.pl\/wp-content\/uploads\/2020\/09\/et_2-scaled.jpeg 1441w, https:\/\/laurowisnie.pl\/wp-content\/uploads\/2020\/09\/et_2-169x300.jpeg 169w, https:\/\/laurowisnie.pl\/wp-content\/uploads\/2020\/09\/et_2-576x1024.jpeg 576w, https:\/\/laurowisnie.pl\/wp-content\/uploads\/2020\/09\/et_2-768x1365.jpeg 768w, https:\/\/laurowisnie.pl\/wp-content\/uploads\/2020\/09\/et_2-864x1536.jpeg 864w, https:\/\/laurowisnie.pl\/wp-content\/uploads\/2020\/09\/et_2-1152x2048.jpeg 1152w\" sizes=\"(max-width: 1441px) 100vw, 1441px\" \/><\/a>\n\t\t\t<\/div>\n\t\t\t\t<figcaption class='wp-caption-text gallery-caption' id='gallery-1-200'>\n\t\t\t\tLaurowi\u015bnia Etna \u017cywop\u0142ot\n\t\t\t\t<\/figcaption><\/figure><figure class='gallery-item'>\n\t\t\t<div class='gallery-icon portrait'>\n\t\t\t\t<a data-elementor-open-lightbox=\"yes\" data-elementor-lightbox-slideshow=\"431cf5ce\" data-elementor-lightbox-title=\"Etna_3\" data-elementor-lightbox-description=\"\u017bywop\u0142ot z laurowi\u015bni etna\" data-e-action-hash=\"#elementor-action%3Aaction%3Dlightbox%26settings%3DeyJpZCI6MjAxLCJ1cmwiOiJodHRwczpcL1wvbGF1cm93aXNuaWUucGxcL3dwLWNvbnRlbnRcL3VwbG9hZHNcLzIwMjBcLzA5XC9ldF8zLXNjYWxlZC5qcGVnIiwic2xpZGVzaG93IjoiNDMxY2Y1Y2UifQ%3D%3D\" href='https:\/\/laurowisnie.pl\/wp-content\/uploads\/2020\/09\/et_3-scaled.jpeg'><img loading=\"lazy\" decoding=\"async\" width=\"1441\" height=\"2560\" src=\"https:\/\/laurowisnie.pl\/wp-content\/uploads\/2020\/09\/et_3-scaled.jpeg\" class=\"attachment-full size-full\" alt=\"Laurowi\u015bnia etna\" aria-describedby=\"gallery-1-201\" srcset=\"https:\/\/laurowisnie.pl\/wp-content\/uploads\/2020\/09\/et_3-scaled.jpeg 1441w, https:\/\/laurowisnie.pl\/wp-content\/uploads\/2020\/09\/et_3-169x300.jpeg 169w, https:\/\/laurowisnie.pl\/wp-content\/uploads\/2020\/09\/et_3-576x1024.jpeg 576w, https:\/\/laurowisnie.pl\/wp-content\/uploads\/2020\/09\/et_3-768x1365.jpeg 768w, https:\/\/laurowisnie.pl\/wp-content\/uploads\/2020\/09\/et_3-864x1536.jpeg 864w, https:\/\/laurowisnie.pl\/wp-content\/uploads\/2020\/09\/et_3-1152x2048.jpeg 1152w\" sizes=\"(max-width: 1441px) 100vw, 1441px\" \/><\/a>\n\t\t\t<\/div>\n\t\t\t\t<figcaption class='wp-caption-text gallery-caption' id='gallery-1-201'>\n\t\t\t\tLaurowi\u015bnia Etna \u017cywop\u0142ot\n\t\t\t\t<\/figcaption><\/figure><figure class='gallery-item'>\n\t\t\t<div class='gallery-icon landscape'>\n\t\t\t\t<a data-elementor-open-lightbox=\"yes\" data-elementor-lightbox-slideshow=\"431cf5ce\" data-elementor-lightbox-title=\"sadzonki\" data-elementor-lightbox-description=\"Sadzonki w doniczkach\" data-e-action-hash=\"#elementor-action%3Aaction%3Dlightbox%26settings%3DeyJpZCI6MjU5LCJ1cmwiOiJodHRwczpcL1wvbGF1cm93aXNuaWUucGxcL3dwLWNvbnRlbnRcL3VwbG9hZHNcLzIwMjFcLzA0XC9sYXVyb3dpc25pZV93aW9zbmFfMi1zY2FsZWQuanBnIiwic2xpZGVzaG93IjoiNDMxY2Y1Y2UifQ%3D%3D\" href='https:\/\/laurowisnie.pl\/wp-content\/uploads\/2021\/04\/laurowisnie_wiosna_2-scaled.jpg'><img loading=\"lazy\" decoding=\"async\" width=\"2560\" height=\"1441\" src=\"https:\/\/laurowisnie.pl\/wp-content\/uploads\/2021\/04\/laurowisnie_wiosna_2-scaled.jpg\" class=\"attachment-full size-full\" alt=\"\" aria-describedby=\"gallery-1-259\" srcset=\"https:\/\/laurowisnie.pl\/wp-content\/uploads\/2021\/04\/laurowisnie_wiosna_2-scaled.jpg 2560w, https:\/\/laurowisnie.pl\/wp-content\/uploads\/2021\/04\/laurowisnie_wiosna_2-300x169.jpg 300w, https:\/\/laurowisnie.pl\/wp-content\/uploads\/2021\/04\/laurowisnie_wiosna_2-1024x576.jpg 1024w, https:\/\/laurowisnie.pl\/wp-content\/uploads\/2021\/04\/laurowisnie_wiosna_2-768x432.jpg 768w, https:\/\/laurowisnie.pl\/wp-content\/uploads\/2021\/04\/laurowisnie_wiosna_2-1536x864.jpg 1536w, https:\/\/laurowisnie.pl\/wp-content\/uploads\/2021\/04\/laurowisnie_wiosna_2-2048x1152.jpg 2048w\" sizes=\"(max-width: 2560px) 100vw, 2560px\" \/><\/a>\n\t\t\t<\/div>\n\t\t\t\t<figcaption class='wp-caption-text gallery-caption' id='gallery-1-259'>\n\t\t\t\tSadzonki\n\t\t\t\t<\/figcaption><\/figure><figure class='gallery-item'>\n\t\t\t<div class='gallery-icon landscape'>\n\t\t\t\t<a data-elementor-open-lightbox=\"yes\" data-elementor-lightbox-slideshow=\"431cf5ce\" data-elementor-lightbox-title=\"default\" data-elementor-lightbox-description=\"Sadzonki w doniczkach\" data-e-action-hash=\"#elementor-action%3Aaction%3Dlightbox%26settings%3DeyJpZCI6MTc0LCJ1cmwiOiJodHRwczpcL1wvbGF1cm93aXNuaWUucGxcL3dwLWNvbnRlbnRcL3VwbG9hZHNcLzIwMjBcLzA5XC9ESklfMDE4Mi1zY2FsZWQuanBnIiwic2xpZGVzaG93IjoiNDMxY2Y1Y2UifQ%3D%3D\" href='https:\/\/laurowisnie.pl\/wp-content\/uploads\/2020\/09\/DJI_0182-scaled.jpg'><img loading=\"lazy\" decoding=\"async\" width=\"2560\" height=\"1920\" src=\"https:\/\/laurowisnie.pl\/wp-content\/uploads\/2020\/09\/DJI_0182-scaled.jpg\" class=\"attachment-full size-full\" alt=\"\" aria-describedby=\"gallery-1-174\" srcset=\"https:\/\/laurowisnie.pl\/wp-content\/uploads\/2020\/09\/DJI_0182-scaled.jpg 2560w, https:\/\/laurowisnie.pl\/wp-content\/uploads\/2020\/09\/DJI_0182-300x225.jpg 300w, https:\/\/laurowisnie.pl\/wp-content\/uploads\/2020\/09\/DJI_0182-1024x768.jpg 1024w, https:\/\/laurowisnie.pl\/wp-content\/uploads\/2020\/09\/DJI_0182-768x576.jpg 768w, https:\/\/laurowisnie.pl\/wp-content\/uploads\/2020\/09\/DJI_0182-1536x1152.jpg 1536w, https:\/\/laurowisnie.pl\/wp-content\/uploads\/2020\/09\/DJI_0182-2048x1536.jpg 2048w\" sizes=\"(max-width: 2560px) 100vw, 2560px\" \/><\/a>\n\t\t\t<\/div>\n\t\t\t\t<figcaption class='wp-caption-text gallery-caption' id='gallery-1-174'>\n\t\t\t\tPole laurowi\u015bni\n\t\t\t\t<\/figcaption><\/figure><figure class='gallery-item'>\n\t\t\t<div class='gallery-icon landscape'>\n\t\t\t\t<a data-elementor-open-lightbox=\"yes\" data-elementor-lightbox-slideshow=\"431cf5ce\" data-elementor-lightbox-title=\"laur1\" data-elementor-lightbox-description=\"Laurowisnia krzew\" data-e-action-hash=\"#elementor-action%3Aaction%3Dlightbox%26settings%3DeyJpZCI6MTc5LCJ1cmwiOiJodHRwczpcL1wvbGF1cm93aXNuaWUucGxcL3dwLWNvbnRlbnRcL3VwbG9hZHNcLzIwMjBcLzA5XC9sYXVyMS5qcGciLCJzbGlkZXNob3ciOiI0MzFjZjVjZSJ9\" href='https:\/\/laurowisnie.pl\/wp-content\/uploads\/2020\/09\/laur1.jpg'><img loading=\"lazy\" decoding=\"async\" width=\"640\" height=\"360\" src=\"https:\/\/laurowisnie.pl\/wp-content\/uploads\/2020\/09\/laur1.jpg\" class=\"attachment-full size-full\" alt=\"\" aria-describedby=\"gallery-1-179\" srcset=\"https:\/\/laurowisnie.pl\/wp-content\/uploads\/2020\/09\/laur1.jpg 640w, https:\/\/laurowisnie.pl\/wp-content\/uploads\/2020\/09\/laur1-300x169.jpg 300w\" sizes=\"(max-width: 640px) 100vw, 640px\" \/><\/a>\n\t\t\t<\/div>\n\t\t\t\t<figcaption class='wp-caption-text gallery-caption' id='gallery-1-179'>\n\t\t\t\tLaurowi\u015bnia krzew\n\t\t\t\t<\/figcaption><\/figure>\n\t\t<\/div>\n\t\t<\/div>\n\t\t\t\t\t\t<\/div>\n\t\t\t\t<\/div>\n\t\t\t\t\t<\/div>\n\t\t<\/div>\n\t\t\t\t\t<\/div>\n\t\t<\/section>\n\t\t\t\t\t<\/div>\n\t\t<\/div>\n\t\t\t\t\t<\/div>\n\t\t<\/section>\n\t\t\t\t<\/div>\n\t\t","protected":false},"excerpt":{"rendered":"<p>Laurowi\u015bnie Galeria sadzonki laurowi\u015bni w doniczkach P15 Laurowi\u015bnie w gruncie Laurowi\u015bnia li\u015b\u0107 Laurowi\u015bnia Etna li\u015bcie Laurowi\u015bnia Etna \u017cywop\u0142ot Laurowi\u015bnia Etna \u017cywop\u0142ot Sadzonki Pole laurowi\u015bni Laurowi\u015bnia krzew<\/p>\n","protected":false},"author":1,"featured_media":0,"parent":0,"menu_order":0,"comment_status":"closed","ping_status":"closed","template":"","meta":{"footnotes":""},"class_list":["post-121","page","type-page","status-publish","hentry"],"yoast_head":"<!-- This site is optimized with the Yoast SEO Premium plugin v22.2 (Yoast SEO v26.8) - https:\/\/yoast.com\/product\/yoast-seo-premium-wordpress\/ -->\n<title>Galeria laurowisnie.pl - Zdj\u0119cia laurowi\u015bni<\/title>\n<meta name=\"description\" content=\"Zdj\u0119cia r\u00f3\u017cnych odmian laurowi\u015bni wschodniej ( Prunus laurocerasus), Novita, Caucasica, Etna, Rotundifolia\" \/>\n<meta name=\"robots\" content=\"index, follow, max-snippet:-1, max-image-preview:large, max-video-preview:-1\" \/>\n<link rel=\"canonical\" href=\"https:\/\/laurowisnie.pl\/index.php\/galeria\/\" \/>\n<meta property=\"og:locale\" content=\"pl_PL\" \/>\n<meta property=\"og:type\" content=\"article\" \/>\n<meta property=\"og:title\" content=\"Galeria\" \/>\n<meta property=\"og:description\" content=\"Zdj\u0119cia r\u00f3\u017cnych odmian laurowi\u015bni wschodniej ( Prunus laurocerasus), Novita, Caucasica, Etna, Rotundifolia\" \/>\n<meta property=\"og:url\" content=\"https:\/\/laurowisnie.pl\/index.php\/galeria\/\" \/>\n<meta property=\"article:modified_time\" content=\"2023-04-20T22:16:58+00:00\" \/>\n<meta property=\"og:image\" content=\"https:\/\/laurowisnie.pl\/wp-content\/uploads\/2020\/09\/image0-scaled.jpeg\" \/>\n<meta name=\"twitter:card\" content=\"summary_large_image\" \/>\n<meta name=\"twitter:label1\" content=\"Szacowany czas czytania\" \/>\n\t<meta name=\"twitter:data1\" content=\"2 minuty\" \/>\n<script type=\"application\/ld+json\" class=\"yoast-schema-graph\">{\"@context\":\"https:\/\/schema.org\",\"@graph\":[{\"@type\":\"WebPage\",\"@id\":\"https:\/\/laurowisnie.pl\/index.php\/galeria\/\",\"url\":\"https:\/\/laurowisnie.pl\/index.php\/galeria\/\",\"name\":\"Galeria laurowisnie.pl - Zdj\u0119cia laurowi\u015bni\",\"isPartOf\":{\"@id\":\"https:\/\/laurowisnie.pl\/#website\"},\"primaryImageOfPage\":{\"@id\":\"https:\/\/laurowisnie.pl\/index.php\/galeria\/#primaryimage\"},\"image\":{\"@id\":\"https:\/\/laurowisnie.pl\/index.php\/galeria\/#primaryimage\"},\"thumbnailUrl\":\"https:\/\/laurowisnie.pl\/wp-content\/uploads\/2020\/09\/image0-scaled.jpeg\",\"datePublished\":\"2020-08-27T22:17:01+00:00\",\"dateModified\":\"2023-04-20T22:16:58+00:00\",\"description\":\"Zdj\u0119cia r\u00f3\u017cnych odmian laurowi\u015bni wschodniej ( Prunus laurocerasus), Novita, Caucasica, Etna, Rotundifolia\",\"breadcrumb\":{\"@id\":\"https:\/\/laurowisnie.pl\/index.php\/galeria\/#breadcrumb\"},\"inLanguage\":\"pl-PL\",\"potentialAction\":[{\"@type\":\"ReadAction\",\"target\":[\"https:\/\/laurowisnie.pl\/index.php\/galeria\/\"]}]},{\"@type\":\"ImageObject\",\"inLanguage\":\"pl-PL\",\"@id\":\"https:\/\/laurowisnie.pl\/index.php\/galeria\/#primaryimage\",\"url\":\"https:\/\/laurowisnie.pl\/wp-content\/uploads\/2020\/09\/image0-scaled.jpeg\",\"contentUrl\":\"https:\/\/laurowisnie.pl\/wp-content\/uploads\/2020\/09\/image0-scaled.jpeg\"},{\"@type\":\"BreadcrumbList\",\"@id\":\"https:\/\/laurowisnie.pl\/index.php\/galeria\/#breadcrumb\",\"itemListElement\":[{\"@type\":\"ListItem\",\"position\":1,\"name\":\"Strona g\u0142\u00f3wna\",\"item\":\"https:\/\/laurowisnie.pl\/\"},{\"@type\":\"ListItem\",\"position\":2,\"name\":\"Galeria\"}]},{\"@type\":\"WebSite\",\"@id\":\"https:\/\/laurowisnie.pl\/#website\",\"url\":\"https:\/\/laurowisnie.pl\/\",\"name\":\"\",\"description\":\"\",\"potentialAction\":[{\"@type\":\"SearchAction\",\"target\":{\"@type\":\"EntryPoint\",\"urlTemplate\":\"https:\/\/laurowisnie.pl\/?s={search_term_string}\"},\"query-input\":{\"@type\":\"PropertyValueSpecification\",\"valueRequired\":true,\"valueName\":\"search_term_string\"}}],\"inLanguage\":\"pl-PL\"}]}<\/script>\n<!-- \/ Yoast SEO Premium plugin. -->","yoast_head_json":{"title":"Galeria laurowisnie.pl - Zdj\u0119cia laurowi\u015bni","description":"Zdj\u0119cia r\u00f3\u017cnych odmian laurowi\u015bni wschodniej ( Prunus laurocerasus), Novita, Caucasica, Etna, Rotundifolia","robots":{"index":"index","follow":"follow","max-snippet":"max-snippet:-1","max-image-preview":"max-image-preview:large","max-video-preview":"max-video-preview:-1"},"canonical":"https:\/\/laurowisnie.pl\/index.php\/galeria\/","og_locale":"pl_PL","og_type":"article","og_title":"Galeria","og_description":"Zdj\u0119cia r\u00f3\u017cnych odmian laurowi\u015bni wschodniej ( Prunus laurocerasus), Novita, Caucasica, Etna, Rotundifolia","og_url":"https:\/\/laurowisnie.pl\/index.php\/galeria\/","article_modified_time":"2023-04-20T22:16:58+00:00","og_image":[{"url":"https:\/\/laurowisnie.pl\/wp-content\/uploads\/2020\/09\/image0-scaled.jpeg","type":"","width":"","height":""}],"twitter_card":"summary_large_image","twitter_misc":{"Szacowany czas czytania":"2 minuty"},"schema":{"@context":"https:\/\/schema.org","@graph":[{"@type":"WebPage","@id":"https:\/\/laurowisnie.pl\/index.php\/galeria\/","url":"https:\/\/laurowisnie.pl\/index.php\/galeria\/","name":"Galeria laurowisnie.pl - Zdj\u0119cia laurowi\u015bni","isPartOf":{"@id":"https:\/\/laurowisnie.pl\/#website"},"primaryImageOfPage":{"@id":"https:\/\/laurowisnie.pl\/index.php\/galeria\/#primaryimage"},"image":{"@id":"https:\/\/laurowisnie.pl\/index.php\/galeria\/#primaryimage"},"thumbnailUrl":"https:\/\/laurowisnie.pl\/wp-content\/uploads\/2020\/09\/image0-scaled.jpeg","datePublished":"2020-08-27T22:17:01+00:00","dateModified":"2023-04-20T22:16:58+00:00","description":"Zdj\u0119cia r\u00f3\u017cnych odmian laurowi\u015bni wschodniej ( Prunus laurocerasus), Novita, Caucasica, Etna, Rotundifolia","breadcrumb":{"@id":"https:\/\/laurowisnie.pl\/index.php\/galeria\/#breadcrumb"},"inLanguage":"pl-PL","potentialAction":[{"@type":"ReadAction","target":["https:\/\/laurowisnie.pl\/index.php\/galeria\/"]}]},{"@type":"ImageObject","inLanguage":"pl-PL","@id":"https:\/\/laurowisnie.pl\/index.php\/galeria\/#primaryimage","url":"https:\/\/laurowisnie.pl\/wp-content\/uploads\/2020\/09\/image0-scaled.jpeg","contentUrl":"https:\/\/laurowisnie.pl\/wp-content\/uploads\/2020\/09\/image0-scaled.jpeg"},{"@type":"BreadcrumbList","@id":"https:\/\/laurowisnie.pl\/index.php\/galeria\/#breadcrumb","itemListElement":[{"@type":"ListItem","position":1,"name":"Strona g\u0142\u00f3wna","item":"https:\/\/laurowisnie.pl\/"},{"@type":"ListItem","position":2,"name":"Galeria"}]},{"@type":"WebSite","@id":"https:\/\/laurowisnie.pl\/#website","url":"https:\/\/laurowisnie.pl\/","name":"","description":"","potentialAction":[{"@type":"SearchAction","target":{"@type":"EntryPoint","urlTemplate":"https:\/\/laurowisnie.pl\/?s={search_term_string}"},"query-input":{"@type":"PropertyValueSpecification","valueRequired":true,"valueName":"search_term_string"}}],"inLanguage":"pl-PL"}]}},"_links":{"self":[{"href":"https:\/\/laurowisnie.pl\/index.php\/wp-json\/wp\/v2\/pages\/121","targetHints":{"allow":["GET"]}}],"collection":[{"href":"https:\/\/laurowisnie.pl\/index.php\/wp-json\/wp\/v2\/pages"}],"about":[{"href":"https:\/\/laurowisnie.pl\/index.php\/wp-json\/wp\/v2\/types\/page"}],"author":[{"embeddable":true,"href":"https:\/\/laurowisnie.pl\/index.php\/wp-json\/wp\/v2\/users\/1"}],"replies":[{"embeddable":true,"href":"https:\/\/laurowisnie.pl\/index.php\/wp-json\/wp\/v2\/comments?post=121"}],"version-history":[{"count":16,"href":"https:\/\/laurowisnie.pl\/index.php\/wp-json\/wp\/v2\/pages\/121\/revisions"}],"predecessor-version":[{"id":1181,"href":"https:\/\/laurowisnie.pl\/index.php\/wp-json\/wp\/v2\/pages\/121\/revisions\/1181"}],"wp:attachment":[{"href":"https:\/\/laurowisnie.pl\/index.php\/wp-json\/wp\/v2\/media?parent=121"}],"curies":[{"name":"wp","href":"https:\/\/api.w.org\/{rel}","templated":true}]}}